{"id":1893,"date":"2023-06-30T13:10:34","date_gmt":"2023-06-30T11:10:34","guid":{"rendered":"https:\/\/www.akwa.com.pl\/offer\/valves\/iso-valves\/"},"modified":"2023-09-08T10:31:04","modified_gmt":"2023-09-08T08:31:04","slug":"iso-valves","status":"publish","type":"page","link":"https:\/\/www.akwa.com.pl\/en\/offer\/valves\/iso-valves\/","title":{"rendered":"ISO valves"},"content":{"rendered":"<p><div class=\"fusion-fullwidth fullwidth-box fusion-builder-row-1 fusion-flex-container hundred-percent-fullwidth non-hundred-percent-height-scrolling\" style=\"--awb-border-radius-top-left:0px;--awb-border-radius-top-right:0px;--awb-border-radius-bottom-right:0px;--awb-border-radius-bottom-left:0px;--awb-margin-top:0px;--awb-margin-bottom:0px;--awb-flex-wrap:wrap;\" ><div class=\"fusion-builder-row fusion-row fusion-flex-align-items-flex-start fusion-flex-content-wrap\" style=\"width:103% !important;max-width:103% !important;margin-left: calc(-3% \/ 2 );margin-right: calc(-3% \/ 2 );\"><div class=\"fusion-layout-column fusion_builder_column fusion-builder-column-0 fusion_builder_column_1_3 1_3 fusion-flex-column fusion-animated\" style=\"--awb-padding-top:15px;--awb-padding-right:0px;--awb-padding-bottom:15px;--awb-padding-left:0px;--awb-bg-color:var(--awb-color7);--awb-bg-color-hover:var(--awb-color7);--awb-bg-size:cover;--awb-width-large:33.333333333333%;--awb-margin-top-large:-30px;--awb-spacing-right-large:0;--awb-margin-bottom-large:20px;--awb-spacing-left-large:0;--awb-width-medium:100%;--awb-order-medium:0;--awb-spacing-right-medium:1.455%;--awb-spacing-left-medium:1.455%;--awb-width-small:100%;--awb-order-small:0;--awb-spacing-right-small:1.455%;--awb-spacing-left-small:1.455%;\" data-animationType=\"zoomInDown\" data-animationDuration=\"1.0\" data-animationOffset=\"top-into-view\" data-motion-effects=\"[{&quot;type&quot;:&quot;&quot;,&quot;scroll_type&quot;:&quot;transition&quot;,&quot;scroll_direction&quot;:&quot;up&quot;,&quot;transition_speed&quot;:&quot;1&quot;,&quot;fade_type&quot;:&quot;in&quot;,&quot;scale_type&quot;:&quot;up&quot;,&quot;initial_scale&quot;:&quot;1&quot;,&quot;max_scale&quot;:&quot;1.5&quot;,&quot;min_scale&quot;:&quot;0.5&quot;,&quot;initial_rotate&quot;:&quot;0&quot;,&quot;end_rotate&quot;:&quot;30&quot;,&quot;initial_blur&quot;:&quot;0&quot;,&quot;end_blur&quot;:&quot;3&quot;,&quot;start_element&quot;:&quot;top&quot;,&quot;start_viewport&quot;:&quot;bottom&quot;,&quot;end_element&quot;:&quot;bottom&quot;,&quot;end_viewport&quot;:&quot;top&quot;,&quot;mouse_effect&quot;:&quot;track&quot;,&quot;mouse_effect_direction&quot;:&quot;opposite&quot;,&quot;mouse_effect_speed&quot;:&quot;2&quot;,&quot;infinite_animation&quot;:&quot;float&quot;,&quot;infinite_animation_speed&quot;:&quot;2&quot;}]\" data-scroll-devices=\"small-visibility,medium-visibility,large-visibility\"><div class=\"fusion-column-wrapper fusion-column-has-shadow fusion-flex-justify-content-flex-start fusion-content-layout-column\"><div class=\"fusion-title title fusion-title-1 fusion-sep-none fusion-title-center fusion-title-text fusion-title-size-four\" style=\"--awb-text-color:#ffffff;--awb-margin-bottom:0px;\"><h4 class=\"fusion-title-heading title-heading-center fusion-responsive-typography-calculated\" style=\"margin:0;--fontSize:22;line-height:1.3;\">VALVES AND FITTINGS<\/h4><\/div><\/div><\/div><div class=\"fusion-layout-column fusion_builder_column fusion-builder-column-1 fusion_builder_column_2_3 2_3 fusion-flex-column\" style=\"--awb-bg-size:cover;--awb-width-large:66.666666666667%;--awb-margin-top-large:0px;--awb-spacing-right-large:2.1825%;--awb-margin-bottom-large:20px;--awb-spacing-left-large:2.1825%;--awb-width-medium:100%;--awb-order-medium:0;--awb-spacing-right-medium:1.455%;--awb-spacing-left-medium:1.455%;--awb-width-small:100%;--awb-order-small:0;--awb-spacing-right-small:1.455%;--awb-spacing-left-small:1.455%;\"><div class=\"fusion-column-wrapper fusion-column-has-shadow fusion-flex-justify-content-flex-start fusion-content-layout-column\"><\/div><\/div><\/div><\/div><div class=\"fusion-fullwidth fullwidth-box fusion-builder-row-2 fusion-flex-container has-pattern-background has-mask-background nonhundred-percent-fullwidth non-hundred-percent-height-scrolling\" style=\"--awb-border-radius-top-left:0px;--awb-border-radius-top-right:0px;--awb-border-radius-bottom-right:0px;--awb-border-radius-bottom-left:0px;--awb-padding-top:40px;--awb-padding-bottom:40px;--awb-flex-wrap:wrap;\" ><div class=\"fusion-builder-row fusion-row fusion-flex-align-items-flex-start fusion-flex-content-wrap\" style=\"max-width:1339px;margin-left: calc(-3% \/ 2 );margin-right: calc(-3% \/ 2 );\"><div class=\"fusion-layout-column fusion_builder_column fusion-builder-column-2 fusion_builder_column_2_3 2_3 fusion-flex-column\" style=\"--awb-bg-size:cover;--awb-width-large:66.666666666667%;--awb-margin-top-large:0px;--awb-spacing-right-large:2.1825%;--awb-margin-bottom-large:20px;--awb-spacing-left-large:2.1825%;--awb-width-medium:100%;--awb-order-medium:0;--awb-spacing-right-medium:1.455%;--awb-spacing-left-medium:1.455%;--awb-width-small:100%;--awb-order-small:0;--awb-spacing-right-small:1.455%;--awb-spacing-left-small:1.455%;\"><div class=\"fusion-column-wrapper fusion-column-has-shadow fusion-flex-justify-content-flex-start fusion-content-layout-column\"><div class=\"fusion-title title fusion-title-2 fusion-title-text fusion-title-size-two\" style=\"--awb-margin-bottom:10px;\"><div class=\"title-sep-container title-sep-container-left fusion-no-large-visibility fusion-no-medium-visibility fusion-no-small-visibility\"><div class=\"title-sep sep- sep-solid\" style=\"border-color:#e2e2e2;\"><\/div><\/div><span class=\"awb-title-spacer fusion-no-large-visibility fusion-no-medium-visibility fusion-no-small-visibility\"><\/span><h2 class=\"fusion-title-heading title-heading-left fusion-responsive-typography-calculated\" style=\"margin:0;--fontSize:40;line-height:1.2;\">ISO valves<\/h2><span class=\"awb-title-spacer\"><\/span><div class=\"title-sep-container title-sep-container-right\"><div class=\"title-sep sep- sep-solid\" style=\"border-color:#e2e2e2;\"><\/div><\/div><\/div><div class=\"fusion-separator\" style=\"align-self: flex-start;margin-right:auto;margin-top:10px;margin-bottom:30px;width:100%;max-width:33%;\"><div class=\"fusion-separator-border sep-single sep-solid\" style=\"--awb-height:20px;--awb-amount:20px;--awb-sep-color:var(--awb-color7);border-color:var(--awb-color7);border-top-width:2px;\"><\/div><\/div><div class=\"fusion-text fusion-text-1\"><p>ISO valves for house connections for PE pipes 32mm in diameter (ISO40). They are used in water supply systems to cut off water flow. All elements are made of corrosion resistant materials. ISO valves have plastic clamp rings to protect the PE pipe from slipping out of the socket. An additional rubber seal for better sealing of the connection. The use of ductile cast iron GJS 500-7 guarantees the durability of our product.<\/p>\n<p>Excellent design that works in all conditions.<\/p>\n<\/div><\/div><\/div><div class=\"fusion-layout-column fusion_builder_column fusion-builder-column-3 fusion_builder_column_1_3 1_3 fusion-flex-column\" style=\"--awb-bg-size:cover;--awb-width-large:33.333333333333%;--awb-margin-top-large:0px;--awb-spacing-right-large:4.365%;--awb-margin-bottom-large:20px;--awb-spacing-left-large:4.365%;--awb-width-medium:100%;--awb-order-medium:0;--awb-spacing-right-medium:1.455%;--awb-spacing-left-medium:1.455%;--awb-width-small:100%;--awb-order-small:0;--awb-spacing-right-small:1.455%;--awb-spacing-left-small:1.455%;\"><div class=\"fusion-column-wrapper fusion-column-has-shadow fusion-flex-justify-content-flex-start fusion-content-layout-column\"><div class=\"fusion-image-element \" style=\"text-align:center;--awb-mask-url: url(https:\/\/www.akwa.com.pl\/wp-content\/plugins\/fusion-builder\/\/assets\/images\/masks\/mask-10.svg);--awb-caption-title-font-family:var(--h2_typography-font-family);--awb-caption-title-font-weight:var(--h2_typography-font-weight);--awb-caption-title-font-style:var(--h2_typography-font-style);--awb-caption-title-size:var(--h2_typography-font-size);--awb-caption-title-transform:var(--h2_typography-text-transform);--awb-caption-title-line-height:var(--h2_typography-line-height);--awb-caption-title-letter-spacing:var(--h2_typography-letter-spacing);\"><span class=\" fusion-imageframe imageframe-none imageframe-1 hover-type-none has-mask fusion-animated\" data-animationType=\"slideInRight\" data-animationDuration=\"0.5\" data-animationDelay=\"0.5\" data-animationOffset=\"top-into-view\"><img decoding=\"async\" width=\"800\" height=\"568\" title=\"Valves\" src=\"https:\/\/www.akwa.com.pl\/wp-content\/uploads\/2023\/06\/zasuwy.jpg\" alt class=\"img-responsive wp-image-1536\" srcset=\"https:\/\/www.akwa.com.pl\/wp-content\/uploads\/2023\/06\/zasuwy-200x142.jpg 200w, https:\/\/www.akwa.com.pl\/wp-content\/uploads\/2023\/06\/zasuwy-400x284.jpg 400w, https:\/\/www.akwa.com.pl\/wp-content\/uploads\/2023\/06\/zasuwy-600x426.jpg 600w, https:\/\/www.akwa.com.pl\/wp-content\/uploads\/2023\/06\/zasuwy.jpg 800w\" sizes=\"(max-width: 1024px) 100vw, (max-width: 640px) 100vw, 400px\" \/><\/span><\/div><\/div><\/div><\/div><\/div><div class=\"fusion-fullwidth fullwidth-box fusion-builder-row-3 fusion-flex-container has-pattern-background has-mask-background nonhundred-percent-fullwidth non-hundred-percent-height-scrolling\" style=\"--awb-border-radius-top-left:0px;--awb-border-radius-top-right:0px;--awb-border-radius-bottom-right:0px;--awb-border-radius-bottom-left:0px;--awb-flex-wrap:wrap;\" ><div class=\"fusion-builder-row fusion-row fusion-flex-align-items-flex-start fusion-flex-content-wrap\" style=\"max-width:1339px;margin-left: calc(-3% \/ 2 );margin-right: calc(-3% \/ 2 );\"><div class=\"fusion-layout-column fusion_builder_column fusion-builder-column-4 fusion_builder_column_1_4 1_4 fusion-flex-column\" style=\"--awb-bg-size:cover;--awb-width-large:25%;--awb-margin-top-large:0px;--awb-spacing-right-large:5.82%;--awb-margin-bottom-large:20px;--awb-spacing-left-large:5.82%;--awb-width-medium:100%;--awb-order-medium:0;--awb-spacing-right-medium:1.455%;--awb-spacing-left-medium:1.455%;--awb-width-small:100%;--awb-order-small:0;--awb-spacing-right-small:1.455%;--awb-spacing-left-small:1.455%;\"><div class=\"fusion-column-wrapper fusion-column-has-shadow fusion-flex-justify-content-flex-start fusion-content-layout-column\"><div class=\"fusion-image-element \" style=\"text-align:center;--awb-caption-title-font-family:var(--h2_typography-font-family);--awb-caption-title-font-weight:var(--h2_typography-font-weight);--awb-caption-title-font-style:var(--h2_typography-font-style);--awb-caption-title-size:var(--h2_typography-font-size);--awb-caption-title-transform:var(--h2_typography-text-transform);--awb-caption-title-line-height:var(--h2_typography-line-height);--awb-caption-title-letter-spacing:var(--h2_typography-letter-spacing);\"><span class=\" fusion-imageframe imageframe-none imageframe-2 hover-type-zoomin\"><a class=\"fusion-no-lightbox\" href=\"https:\/\/www.akwa.com.pl\/en\/offer\/valves\/iso-valves\/valve-wedge-with-iso-terminals-for-pe-pipes\/\" target=\"_self\" aria-label=\"zasuwy-ISO-akwa\"><img decoding=\"async\" width=\"800\" height=\"950\" src=\"https:\/\/www.akwa.com.pl\/wp-content\/uploads\/2023\/06\/zasuwy-ISO-akwa.jpg\" alt class=\"img-responsive wp-image-1539\" srcset=\"https:\/\/www.akwa.com.pl\/wp-content\/uploads\/2023\/06\/zasuwy-ISO-akwa-200x238.jpg 200w, https:\/\/www.akwa.com.pl\/wp-content\/uploads\/2023\/06\/zasuwy-ISO-akwa-400x475.jpg 400w, https:\/\/www.akwa.com.pl\/wp-content\/uploads\/2023\/06\/zasuwy-ISO-akwa-600x713.jpg 600w, https:\/\/www.akwa.com.pl\/wp-content\/uploads\/2023\/06\/zasuwy-ISO-akwa.jpg 800w\" sizes=\"(max-width: 1024px) 100vw, (max-width: 640px) 100vw, 400px\" \/><\/a><\/span><\/div><div class=\"fusion-title title fusion-title-3 fusion-title-center fusion-title-text fusion-title-size-two\" style=\"--awb-margin-top:20px;--awb-margin-bottom:20px;--awb-font-size:18px;\"><div class=\"title-sep-container title-sep-container-left\"><div class=\"title-sep sep- sep-solid\" style=\"border-color:#e2e2e2;\"><\/div><\/div><span class=\"awb-title-spacer\"><\/span><h2 class=\"fusion-title-heading title-heading-center fusion-responsive-typography-calculated\" style=\"margin:0;font-size:1em;--fontSize:18;line-height:1.2;\">Valve wedge with ISO terminals for PE pipes<\/h2><span class=\"awb-title-spacer\"><\/span><div class=\"title-sep-container title-sep-container-right\"><div class=\"title-sep sep- sep-solid\" style=\"border-color:#e2e2e2;\"><\/div><\/div><\/div><\/div><\/div><\/div><\/div><\/p>\n","protected":false},"excerpt":{"rendered":"","protected":false},"author":1,"featured_media":0,"parent":1851,"menu_order":0,"comment_status":"closed","ping_status":"closed","template":"","meta":{"footnotes":""},"class_list":["post-1893","page","type-page","status-publish","hentry"],"yoast_head":"<!-- This site is optimized with the Yoast SEO plugin v27.5 - https:\/\/yoast.com\/product\/yoast-seo-wordpress\/ -->\n<title>ISO valves - Zak\u0142ad Produkcyjny Armatury Przemys\u0142owej AKWA<\/title>\n<meta name=\"robots\" content=\"index, follow, max-snippet:-1, max-image-preview:large, max-video-preview:-1\" \/>\n<link rel=\"canonical\" href=\"https:\/\/www.akwa.com.pl\/en\/offer\/valves\/iso-valves\/\" \/>\n<meta property=\"og:locale\" content=\"en_US\" \/>\n<meta property=\"og:type\" content=\"article\" \/>\n<meta property=\"og:title\" content=\"ISO valves - Zak\u0142ad Produkcyjny Armatury Przemys\u0142owej AKWA\" \/>\n<meta property=\"og:url\" content=\"https:\/\/www.akwa.com.pl\/en\/offer\/valves\/iso-valves\/\" \/>\n<meta property=\"og:site_name\" content=\"Zak\u0142ad Produkcyjny Armatury Przemys\u0142owej AKWA\" \/>\n<meta property=\"article:publisher\" content=\"https:\/\/www.facebook.com\/akwagniezno\" \/>\n<meta property=\"article:modified_time\" content=\"2023-09-08T08:31:04+00:00\" \/>\n<meta name=\"twitter:card\" content=\"summary_large_image\" \/>\n<meta name=\"twitter:label1\" content=\"Est. reading time\" \/>\n\t<meta name=\"twitter:data1\" content=\"10 minutes\" \/>\n<script type=\"application\/ld+json\" class=\"yoast-schema-graph\">{\"@context\":\"https:\\\/\\\/schema.org\",\"@graph\":[{\"@type\":\"WebPage\",\"@id\":\"https:\\\/\\\/www.akwa.com.pl\\\/en\\\/offer\\\/valves\\\/iso-valves\\\/\",\"url\":\"https:\\\/\\\/www.akwa.com.pl\\\/en\\\/offer\\\/valves\\\/iso-valves\\\/\",\"name\":\"ISO valves - Zak\u0142ad Produkcyjny Armatury Przemys\u0142owej AKWA\",\"isPartOf\":{\"@id\":\"https:\\\/\\\/www.akwa.com.pl\\\/#website\"},\"datePublished\":\"2023-06-30T11:10:34+00:00\",\"dateModified\":\"2023-09-08T08:31:04+00:00\",\"breadcrumb\":{\"@id\":\"https:\\\/\\\/www.akwa.com.pl\\\/en\\\/offer\\\/valves\\\/iso-valves\\\/#breadcrumb\"},\"inLanguage\":\"en-US\",\"potentialAction\":[{\"@type\":\"ReadAction\",\"target\":[\"https:\\\/\\\/www.akwa.com.pl\\\/en\\\/offer\\\/valves\\\/iso-valves\\\/\"]}]},{\"@type\":\"BreadcrumbList\",\"@id\":\"https:\\\/\\\/www.akwa.com.pl\\\/en\\\/offer\\\/valves\\\/iso-valves\\\/#breadcrumb\",\"itemListElement\":[{\"@type\":\"ListItem\",\"position\":1,\"name\":\"Strona g\u0142\u00f3wna\",\"item\":\"https:\\\/\\\/www.akwa.com.pl\\\/en\\\/akwa\\\/\"},{\"@type\":\"ListItem\",\"position\":2,\"name\":\"Offer\",\"item\":\"https:\\\/\\\/www.akwa.com.pl\\\/en\\\/offer\\\/\"},{\"@type\":\"ListItem\",\"position\":3,\"name\":\"Valves\",\"item\":\"https:\\\/\\\/www.akwa.com.pl\\\/en\\\/offer\\\/valves\\\/\"},{\"@type\":\"ListItem\",\"position\":4,\"name\":\"ISO valves\"}]},{\"@type\":\"WebSite\",\"@id\":\"https:\\\/\\\/www.akwa.com.pl\\\/#website\",\"url\":\"https:\\\/\\\/www.akwa.com.pl\\\/\",\"name\":\"Zak\u0142ad Produkcyjny Armatury Przemys\u0142owej AKWA\",\"description\":\"Zak\u0142ad Produkcyjny Armatury Przemys\u0142owej AKWA\",\"publisher\":{\"@id\":\"https:\\\/\\\/www.akwa.com.pl\\\/#organization\"},\"alternateName\":\"AKWA\",\"potentialAction\":[{\"@type\":\"SearchAction\",\"target\":{\"@type\":\"EntryPoint\",\"urlTemplate\":\"https:\\\/\\\/www.akwa.com.pl\\\/?s={search_term_string}\"},\"query-input\":{\"@type\":\"PropertyValueSpecification\",\"valueRequired\":true,\"valueName\":\"search_term_string\"}}],\"inLanguage\":\"en-US\"},{\"@type\":\"Organization\",\"@id\":\"https:\\\/\\\/www.akwa.com.pl\\\/#organization\",\"name\":\"Zak\u0142ad Produkcyjny Armatury Przemys\u0142owej AKWA\",\"url\":\"https:\\\/\\\/www.akwa.com.pl\\\/\",\"logo\":{\"@type\":\"ImageObject\",\"inLanguage\":\"en-US\",\"@id\":\"https:\\\/\\\/www.akwa.com.pl\\\/#\\\/schema\\\/logo\\\/image\\\/\",\"url\":\"https:\\\/\\\/www.akwa.com.pl\\\/wp-content\\\/uploads\\\/2023\\\/09\\\/AKWA-logo-nowe1.jpg\",\"contentUrl\":\"https:\\\/\\\/www.akwa.com.pl\\\/wp-content\\\/uploads\\\/2023\\\/09\\\/AKWA-logo-nowe1.jpg\",\"width\":669,\"height\":398,\"caption\":\"Zak\u0142ad Produkcyjny Armatury Przemys\u0142owej AKWA\"},\"image\":{\"@id\":\"https:\\\/\\\/www.akwa.com.pl\\\/#\\\/schema\\\/logo\\\/image\\\/\"},\"sameAs\":[\"https:\\\/\\\/www.facebook.com\\\/akwagniezno\",\"https:\\\/\\\/studio.youtube.com\\\/channel\\\/UCLuueftPR75qd14J0mcCYvg\"]}]}<\/script>\n<!-- \/ Yoast SEO plugin. -->","yoast_head_json":{"title":"ISO valves - Zak\u0142ad Produkcyjny Armatury Przemys\u0142owej AKWA","robots":{"index":"index","follow":"follow","max-snippet":"max-snippet:-1","max-image-preview":"max-image-preview:large","max-video-preview":"max-video-preview:-1"},"canonical":"https:\/\/www.akwa.com.pl\/en\/offer\/valves\/iso-valves\/","og_locale":"en_US","og_type":"article","og_title":"ISO valves - Zak\u0142ad Produkcyjny Armatury Przemys\u0142owej AKWA","og_url":"https:\/\/www.akwa.com.pl\/en\/offer\/valves\/iso-valves\/","og_site_name":"Zak\u0142ad Produkcyjny Armatury Przemys\u0142owej AKWA","article_publisher":"https:\/\/www.facebook.com\/akwagniezno","article_modified_time":"2023-09-08T08:31:04+00:00","twitter_card":"summary_large_image","twitter_misc":{"Est. reading time":"10 minutes"},"schema":{"@context":"https:\/\/schema.org","@graph":[{"@type":"WebPage","@id":"https:\/\/www.akwa.com.pl\/en\/offer\/valves\/iso-valves\/","url":"https:\/\/www.akwa.com.pl\/en\/offer\/valves\/iso-valves\/","name":"ISO valves - Zak\u0142ad Produkcyjny Armatury Przemys\u0142owej AKWA","isPartOf":{"@id":"https:\/\/www.akwa.com.pl\/#website"},"datePublished":"2023-06-30T11:10:34+00:00","dateModified":"2023-09-08T08:31:04+00:00","breadcrumb":{"@id":"https:\/\/www.akwa.com.pl\/en\/offer\/valves\/iso-valves\/#breadcrumb"},"inLanguage":"en-US","potentialAction":[{"@type":"ReadAction","target":["https:\/\/www.akwa.com.pl\/en\/offer\/valves\/iso-valves\/"]}]},{"@type":"BreadcrumbList","@id":"https:\/\/www.akwa.com.pl\/en\/offer\/valves\/iso-valves\/#breadcrumb","itemListElement":[{"@type":"ListItem","position":1,"name":"Strona g\u0142\u00f3wna","item":"https:\/\/www.akwa.com.pl\/en\/akwa\/"},{"@type":"ListItem","position":2,"name":"Offer","item":"https:\/\/www.akwa.com.pl\/en\/offer\/"},{"@type":"ListItem","position":3,"name":"Valves","item":"https:\/\/www.akwa.com.pl\/en\/offer\/valves\/"},{"@type":"ListItem","position":4,"name":"ISO valves"}]},{"@type":"WebSite","@id":"https:\/\/www.akwa.com.pl\/#website","url":"https:\/\/www.akwa.com.pl\/","name":"Zak\u0142ad Produkcyjny Armatury Przemys\u0142owej AKWA","description":"Zak\u0142ad Produkcyjny Armatury Przemys\u0142owej AKWA","publisher":{"@id":"https:\/\/www.akwa.com.pl\/#organization"},"alternateName":"AKWA","potentialAction":[{"@type":"SearchAction","target":{"@type":"EntryPoint","urlTemplate":"https:\/\/www.akwa.com.pl\/?s={search_term_string}"},"query-input":{"@type":"PropertyValueSpecification","valueRequired":true,"valueName":"search_term_string"}}],"inLanguage":"en-US"},{"@type":"Organization","@id":"https:\/\/www.akwa.com.pl\/#organization","name":"Zak\u0142ad Produkcyjny Armatury Przemys\u0142owej AKWA","url":"https:\/\/www.akwa.com.pl\/","logo":{"@type":"ImageObject","inLanguage":"en-US","@id":"https:\/\/www.akwa.com.pl\/#\/schema\/logo\/image\/","url":"https:\/\/www.akwa.com.pl\/wp-content\/uploads\/2023\/09\/AKWA-logo-nowe1.jpg","contentUrl":"https:\/\/www.akwa.com.pl\/wp-content\/uploads\/2023\/09\/AKWA-logo-nowe1.jpg","width":669,"height":398,"caption":"Zak\u0142ad Produkcyjny Armatury Przemys\u0142owej AKWA"},"image":{"@id":"https:\/\/www.akwa.com.pl\/#\/schema\/logo\/image\/"},"sameAs":["https:\/\/www.facebook.com\/akwagniezno","https:\/\/studio.youtube.com\/channel\/UCLuueftPR75qd14J0mcCYvg"]}]}},"_links":{"self":[{"href":"https:\/\/www.akwa.com.pl\/en\/wp-json\/wp\/v2\/pages\/1893","targetHints":{"allow":["GET"]}}],"collection":[{"href":"https:\/\/www.akwa.com.pl\/en\/wp-json\/wp\/v2\/pages"}],"about":[{"href":"https:\/\/www.akwa.com.pl\/en\/wp-json\/wp\/v2\/types\/page"}],"author":[{"embeddable":true,"href":"https:\/\/www.akwa.com.pl\/en\/wp-json\/wp\/v2\/users\/1"}],"replies":[{"embeddable":true,"href":"https:\/\/www.akwa.com.pl\/en\/wp-json\/wp\/v2\/comments?post=1893"}],"version-history":[{"count":0,"href":"https:\/\/www.akwa.com.pl\/en\/wp-json\/wp\/v2\/pages\/1893\/revisions"}],"up":[{"embeddable":true,"href":"https:\/\/www.akwa.com.pl\/en\/wp-json\/wp\/v2\/pages\/1851"}],"wp:attachment":[{"href":"https:\/\/www.akwa.com.pl\/en\/wp-json\/wp\/v2\/media?parent=1893"}],"curies":[{"name":"wp","href":"https:\/\/api.w.org\/{rel}","templated":true}]}}